{"id":64,"date":"2018-04-23T13:39:17","date_gmt":"2018-04-23T13:39:17","guid":{"rendered":"http:\/\/zetech.com.br\/site\/?page_id=64"},"modified":"2020-05-15T21:41:47","modified_gmt":"2020-05-15T21:41:47","slug":"quem-somos","status":"publish","type":"page","link":"https:\/\/zetech.com.br\/site\/quem-somos\/","title":{"rendered":"Quem somos"},"content":{"rendered":"<p>A <strong>ZETECH Tecnologia<\/strong> \u00e9 refer\u00eancia no mercado corporativo, desde 1996, oferecendo solu\u00e7\u00f5es completas e inovadoras em tecnologia aos seus clientes.<\/p>\n<p>Contamos com <strong>profissionais qualificados<\/strong> para atender grandes, m\u00e9dias e pequenas empresas de diversos segmentos, oferecendo atendimento diferenciado, com <strong>valores e prazos exclusivos<\/strong>, em produtos e servi\u00e7os.<\/p>\n<p>Sua empresa ter\u00e1 acesso as <strong>melhores marcas<\/strong> como: Intel, AMD, HP, Microsoft, Acer, LG, Samsung, Epson, Lenovo, Bematech, D\u2019link, Intelbr\u00e1s, Logitech, Brother, SMS, Zebra, entre outras.<\/p>\n<p>Alguns dos seguimentos que atendemos:<br \/>\n&#8211; <strong>Computadores<\/strong>, workstations, desktops, notebooks, monitores;<br \/>\n&#8211; <strong>Servidores<\/strong>, firewalls, backups, racks;<br \/>\n&#8211; <strong>Redes<\/strong>, infraestruturas e Wireless;<br \/>\n&#8211; <strong>Softwares<\/strong>, sistemas operacionais, aplicativos, programas;<br \/>\n&#8211; <strong>Automa\u00e7\u00e3o comercial<\/strong>;<br \/>\n&#8211; Projetores, impressoras, multifuncionais;<br \/>\n&#8211; Nobreaks e estabilizadores;<br \/>\n&#8211; CFTV e telefonia;<br \/>\n&#8211; \u00c1udio, v\u00eddeo e suportes.<\/p>\n<p>Conte sempre com a <strong>ZETECH Tecnologia<\/strong> no <strong>processo de compras<\/strong> da sua empresa.<\/p>\n","protected":false},"excerpt":{"rendered":"<p class=\"qua-blog-post-description\">A ZETECH Tecnologia \u00e9 refer\u00eancia no mercado corporativo, desde 1996, oferecendo solu\u00e7\u00f5es completas e inovadoras em tecnologia aos seus clientes. Contamos com profissionais qualificados para atender grandes, m\u00e9dias e pequenas empresas de diversos segmentos, oferecendo atendimento diferenciado, com valores e prazos exclusivos, em produtos e servi\u00e7os. Sua empresa ter\u00e1 acesso as melhores marcas como: Intel, [&hellip;]<\/p>\n","protected":false},"author":1,"featured_media":0,"parent":0,"menu_order":1,"comment_status":"closed","ping_status":"closed","template":"","meta":[],"_links":{"self":[{"href":"https:\/\/zetech.com.br\/site\/wp-json\/wp\/v2\/pages\/64"}],"collection":[{"href":"https:\/\/zetech.com.br\/site\/wp-json\/wp\/v2\/pages"}],"about":[{"href":"https:\/\/zetech.com.br\/site\/wp-json\/wp\/v2\/types\/page"}],"author":[{"embeddable":true,"href":"https:\/\/zetech.com.br\/site\/wp-json\/wp\/v2\/users\/1"}],"replies":[{"embeddable":true,"href":"https:\/\/zetech.com.br\/site\/wp-json\/wp\/v2\/comments?post=64"}],"version-history":[{"count":2,"href":"https:\/\/zetech.com.br\/site\/wp-json\/wp\/v2\/pages\/64\/revisions"}],"predecessor-version":[{"id":212,"href":"https:\/\/zetech.com.br\/site\/wp-json\/wp\/v2\/pages\/64\/revisions\/212"}],"wp:attachment":[{"href":"https:\/\/zetech.com.br\/site\/wp-json\/wp\/v2\/media?parent=64"}],"curies":[{"name":"wp","href":"https:\/\/api.w.org\/{rel}","templated":true}]}}